{"id":4351,"date":"2023-07-24T13:50:14","date_gmt":"2023-07-24T11:50:14","guid":{"rendered":"https:\/\/equipement.tortueteam.com\/?post_type=product&#038;p=4351"},"modified":"2025-10-14T10:50:40","modified_gmt":"2025-10-14T08:50:40","slug":"reservation-de-dorsale-pour-le-stage-roulage-du-lundi-28-aout-2023","status":"publish","type":"product","link":"https:\/\/equipement.tortueteam.com\/index.php\/product\/reservation-de-dorsale-pour-le-stage-roulage-du-lundi-28-aout-2023\/","title":{"rendered":"R\u00e9servation de Dorsale pour le STAGE &#038; ROULAGE"},"content":{"rendered":"","protected":false},"excerpt":{"rendered":"<p><strong>R\u00e9servez votre dorsale pour le Stage &amp; Roulage moto sur circuit<\/strong> d\u00e8s maintenant ! Elle vous sera mise \u00e0 disposition sur place le jour J. En plus, <strong>le paiement se fait aussi sur place<\/strong> directement par esp\u00e8ce aupr\u00e8s du TT \u00e0 la r\u00e9cup\u00e9ration de votre \u00e9quipement, alors n&#8217;h\u00e9sitez plus !<\/p>\n<p><span style=\"font-size: xx-small;\">* Photo non contractuelle<\/span><\/p>\n<h4>Choisissez votre taille :<\/h4>\n","protected":false},"featured_media":3581,"comment_status":"open","ping_status":"closed","template":"","meta":[],"product_cat":[176,69],"product_tag":[],"class_list":["post-4351","product","type-product","status-publish","has-post-thumbnail","hentry","product_cat-lundi-28-aout-2023","product_cat-reservation-equipement"],"_links":{"self":[{"href":"https:\/\/equipement.tortueteam.com\/index.php\/wp-json\/wp\/v2\/product\/4351","targetHints":{"allow":["GET"]}}],"collection":[{"href":"https:\/\/equipement.tortueteam.com\/index.php\/wp-json\/wp\/v2\/product"}],"about":[{"href":"https:\/\/equipement.tortueteam.com\/index.php\/wp-json\/wp\/v2\/types\/product"}],"replies":[{"embeddable":true,"href":"https:\/\/equipement.tortueteam.com\/index.php\/wp-json\/wp\/v2\/comments?post=4351"}],"wp:featuredmedia":[{"embeddable":true,"href":"https:\/\/equipement.tortueteam.com\/index.php\/wp-json\/wp\/v2\/media\/3581"}],"wp:attachment":[{"href":"https:\/\/equipement.tortueteam.com\/index.php\/wp-json\/wp\/v2\/media?parent=4351"}],"wp:term":[{"taxonomy":"product_cat","embeddable":true,"href":"https:\/\/equipement.tortueteam.com\/index.php\/wp-json\/wp\/v2\/product_cat?post=4351"},{"taxonomy":"product_tag","embeddable":true,"href":"https:\/\/equipement.tortueteam.com\/index.php\/wp-json\/wp\/v2\/product_tag?post=4351"}],"curies":[{"name":"wp","href":"https:\/\/api.w.org\/{rel}","templated":true}]}}