{"id":3367,"date":"2022-03-17T13:31:34","date_gmt":"2022-03-17T12:31:34","guid":{"rendered":"http:\/\/equipement.tortueteam.com\/?page_id=3367"},"modified":"2022-04-01T13:49:11","modified_gmt":"2022-04-01T11:49:11","slug":"micka","status":"publish","type":"page","link":"https:\/\/equipement.tortueteam.com\/index.php\/micka\/","title":{"rendered":"Micka"},"content":{"rendered":"<p>[vc_row row_content_width=&#8221;grid&#8221; disable_background_image=&#8221;&#8221; vertical_lines=&#8221;yes&#8221; css=&#8221;.vc_custom_1647001778759{padding-bottom: 72px !important;}&#8221;][vc_column]<div class=\"mkdf-section-title-holder  mkdf-st-split  mkdf-has-appear-animation\" style=\"padding: 0 10%\">\n\t<div class=\"mkdf-st-inner\">\n\t\t\t<span class=\"mkdf-st-tagline\" >\n\t\t\tB\u00e9n\u00e9vole du TT\t\t<\/span>\n\t\t\t\t\t\t<h2 class=\"mkdf-st-title\" >\n\t\t\t\t\t\t\t\t\t<span class=\"mkdf-sts-title-text\">Micka<\/span>\n\t\t\t\t\t<span class=\"mkdf-sts-separator\" ><\/span>\n\t\t\t\t\t\t\t<\/h2>\n\t\t\t\t\t\t\t<\/div>\n<\/div>[vc_single_image image=&#8221;3418&#8243; img_size=&#8221;full&#8221; alignment=&#8221;center&#8221;][\/vc_column][\/vc_row][vc_row disable_background_image=&#8221;&#8221; css=&#8221;.vc_custom_1571824618775{background-image: url(https:\/\/grandprix.qodeinteractive.com\/wp-content\/uploads\/2019\/09\/h1-bg-img-1.jpg?id=250) !important;background-position: center !important;background-repeat: no-repeat !important;background-size: cover !important;}&#8221;][vc_column css=&#8221;.vc_custom_1568208328522{padding-top: 130px !important;padding-bottom: 127px !important;}&#8221;]<div class=\"mkdf-testimonials-holder clearfix mkdf-testimonials-standard mkdf-testimonials-light\">\n    <div class=\"mkdf-testimonials mkdf-owl-slider\" data-enable-loop=\"yes\" data-enable-autoplay=\"yes\" data-slider-speed=\"5000\" data-slider-speed-animation=\"600\" data-enable-navigation=\"yes\" data-enable-pagination=\"no\">\n\n    \n            <div class=\"mkdf-testimonial-content\" id=\"mkdf-testimonials-3368\">\n\t            \t\t            <div class=\"mkdf-testimonial-image\">\n\t\t\t            <img loading=\"lazy\" decoding=\"async\" width=\"80\" height=\"80\" src=\"https:\/\/equipement.tortueteam.com\/wp-content\/uploads\/2022\/03\/mika-100x100.png\" class=\"attachment-80x80 size-80x80 wp-post-image\" alt=\"\" srcset=\"https:\/\/equipement.tortueteam.com\/wp-content\/uploads\/2022\/03\/mika-100x100.png 100w, https:\/\/equipement.tortueteam.com\/wp-content\/uploads\/2022\/03\/mika-150x150.png 150w\" sizes=\"auto, (max-width: 80px) 100vw, 80px\" \/>\t\t            <\/div>\n\t                            <div class=\"mkdf-testimonial-text-holder\">\n                                            <h3 itemprop=\"name\" class=\"mkdf-testimonial-title entry-title\">B\u00e9n\u00e9vole du TT<\/h3>\n                                                                <p class=\"mkdf-testimonial-text\">Micka rejoint la team en 2022. Pistard de longue date, il occupera la fonction de &quot;ferrailleur&quot; et viendra en aide \u00e0 Christophe pour aller chercher les motos dans le bac apr\u00e8s une sortie de piste. Il lui donnera \u00e9galement un coup de main \u00e0 la location d&#039;\u00e9quipements. Signe particulier : appr\u00e9cie particuli\u00e8rement la couleur rose ... \ud83d\ude09<\/p>\n                                                                <div class=\"mkdf-testimonial-author\">\n                            \t                            <span class=\"mkdf-testimonials-author-job\">B\u00e9n\u00e9vole du TT<\/span>\n                            \t                        <h5 class=\"mkdf-testimonials-author-name\">Micka<\/h5>\n                        <\/div>\n                                    <\/div>\n            <\/div>\n\n    \n    <\/div>\n<\/div>[\/vc_column][\/vc_row][vc_row disable_background_image=&#8221;&#8221;][vc_column]<div class=\"mkdf-image-gallery  mkdf-ig-carousel-custom-type mkdf-three-columns mkdf-tiny-space mkdf-has-shadow mkdf-image-behavior-lightbox \">\n\t<div class=\"mkdf-ig-slider mkdf-owl-slider\" data-number-of-items=\"3\" data-slider-padding=\"yes\" data-stage-padding=\"predefined\" data-enable-navigation=\"no\" data-enable-pagination=\"yes\" data-enable-loop=\"yes\" data-enable-autoplay=\"yes\" data-slider-speed=\"5000\" data-slider-speed-animation=\"600\">\n\t\t\t\t\t<div class=\"mkdf-ig-image\">\n\t\t\t\t\t\t\t\t\t<a itemprop=\"image\" class=\"mkdf-ig-lightbox mkdf-block-drag-link\" href=\"https:\/\/equipement.tortueteam.com\/wp-content\/uploads\/2022\/04\/mike2.png\" data-rel=\"prettyPhoto[image_gallery_pretty_photo-536]\" title=\"mike2\">\n\t\t\t\t\t\t\t\t\t<img loading=\"lazy\" decoding=\"async\" width=\"960\" height=\"528\" src=\"https:\/\/equipement.tortueteam.com\/wp-content\/uploads\/2022\/04\/mike2.png\" class=\"attachment-large size-large\" alt=\"\" srcset=\"https:\/\/equipement.tortueteam.com\/wp-content\/uploads\/2022\/04\/mike2.png 960w, https:\/\/equipement.tortueteam.com\/wp-content\/uploads\/2022\/04\/mike2-300x165.png 300w, https:\/\/equipement.tortueteam.com\/wp-content\/uploads\/2022\/04\/mike2-768x422.png 768w, https:\/\/equipement.tortueteam.com\/wp-content\/uploads\/2022\/04\/mike2-600x330.png 600w\" sizes=\"auto, (max-width: 960px) 100vw, 960px\" \/>\t\t\t\t\t\t\t\t\t<\/a>\n\t\t\t\t\t\t\t<\/div>\n\t\t\t\t\t<div class=\"mkdf-ig-image\">\n\t\t\t\t\t\t\t\t\t<a itemprop=\"image\" class=\"mkdf-ig-lightbox mkdf-block-drag-link\" href=\"https:\/\/equipement.tortueteam.com\/wp-content\/uploads\/2022\/03\/mika4.png\" data-rel=\"prettyPhoto[image_gallery_pretty_photo-536]\" title=\"mika4\">\n\t\t\t\t\t\t\t\t\t<img loading=\"lazy\" decoding=\"async\" width=\"960\" height=\"528\" src=\"https:\/\/equipement.tortueteam.com\/wp-content\/uploads\/2022\/03\/mika4.png\" class=\"attachment-large size-large\" alt=\"\" srcset=\"https:\/\/equipement.tortueteam.com\/wp-content\/uploads\/2022\/03\/mika4.png 960w, https:\/\/equipement.tortueteam.com\/wp-content\/uploads\/2022\/03\/mika4-300x165.png 300w, https:\/\/equipement.tortueteam.com\/wp-content\/uploads\/2022\/03\/mika4-768x422.png 768w, https:\/\/equipement.tortueteam.com\/wp-content\/uploads\/2022\/03\/mika4-600x330.png 600w\" sizes=\"auto, (max-width: 960px) 100vw, 960px\" \/>\t\t\t\t\t\t\t\t\t<\/a>\n\t\t\t\t\t\t\t<\/div>\n\t\t\t\t\t<div class=\"mkdf-ig-image\">\n\t\t\t\t\t\t\t\t\t<a itemprop=\"image\" class=\"mkdf-ig-lightbox mkdf-block-drag-link\" href=\"https:\/\/equipement.tortueteam.com\/wp-content\/uploads\/2022\/03\/mika2.png\" data-rel=\"prettyPhoto[image_gallery_pretty_photo-536]\" title=\"mika2\">\n\t\t\t\t\t\t\t\t\t<img loading=\"lazy\" decoding=\"async\" width=\"960\" height=\"528\" src=\"https:\/\/equipement.tortueteam.com\/wp-content\/uploads\/2022\/03\/mika2.png\" class=\"attachment-large size-large\" alt=\"\" srcset=\"https:\/\/equipement.tortueteam.com\/wp-content\/uploads\/2022\/03\/mika2.png 960w, https:\/\/equipement.tortueteam.com\/wp-content\/uploads\/2022\/03\/mika2-300x165.png 300w, https:\/\/equipement.tortueteam.com\/wp-content\/uploads\/2022\/03\/mika2-768x422.png 768w, https:\/\/equipement.tortueteam.com\/wp-content\/uploads\/2022\/03\/mika2-600x330.png 600w\" sizes=\"auto, (max-width: 960px) 100vw, 960px\" \/>\t\t\t\t\t\t\t\t\t<\/a>\n\t\t\t\t\t\t\t<\/div>\n\t\t\t\t\t<div class=\"mkdf-ig-image\">\n\t\t\t\t\t\t\t\t\t<a itemprop=\"image\" class=\"mkdf-ig-lightbox mkdf-block-drag-link\" href=\"https:\/\/equipement.tortueteam.com\/wp-content\/uploads\/2022\/04\/mike1.png\" data-rel=\"prettyPhoto[image_gallery_pretty_photo-536]\" title=\"mike1\">\n\t\t\t\t\t\t\t\t\t<img loading=\"lazy\" decoding=\"async\" width=\"960\" height=\"528\" src=\"https:\/\/equipement.tortueteam.com\/wp-content\/uploads\/2022\/04\/mike1.png\" class=\"attachment-large size-large\" alt=\"\" srcset=\"https:\/\/equipement.tortueteam.com\/wp-content\/uploads\/2022\/04\/mike1.png 960w, https:\/\/equipement.tortueteam.com\/wp-content\/uploads\/2022\/04\/mike1-300x165.png 300w, https:\/\/equipement.tortueteam.com\/wp-content\/uploads\/2022\/04\/mike1-768x422.png 768w, https:\/\/equipement.tortueteam.com\/wp-content\/uploads\/2022\/04\/mike1-600x330.png 600w\" sizes=\"auto, (max-width: 960px) 100vw, 960px\" \/>\t\t\t\t\t\t\t\t\t<\/a>\n\t\t\t\t\t\t\t<\/div>\n\t\t\t\t\t<div class=\"mkdf-ig-image\">\n\t\t\t\t\t\t\t\t\t<a itemprop=\"image\" class=\"mkdf-ig-lightbox mkdf-block-drag-link\" href=\"https:\/\/equipement.tortueteam.com\/wp-content\/uploads\/2022\/03\/mika1.png\" data-rel=\"prettyPhoto[image_gallery_pretty_photo-536]\" title=\"mika1\">\n\t\t\t\t\t\t\t\t\t<img loading=\"lazy\" decoding=\"async\" width=\"960\" height=\"528\" src=\"https:\/\/equipement.tortueteam.com\/wp-content\/uploads\/2022\/03\/mika1.png\" class=\"attachment-large size-large\" alt=\"\" srcset=\"https:\/\/equipement.tortueteam.com\/wp-content\/uploads\/2022\/03\/mika1.png 960w, https:\/\/equipement.tortueteam.com\/wp-content\/uploads\/2022\/03\/mika1-300x165.png 300w, https:\/\/equipement.tortueteam.com\/wp-content\/uploads\/2022\/03\/mika1-768x422.png 768w, https:\/\/equipement.tortueteam.com\/wp-content\/uploads\/2022\/03\/mika1-600x330.png 600w\" sizes=\"auto, (max-width: 960px) 100vw, 960px\" \/>\t\t\t\t\t\t\t\t\t<\/a>\n\t\t\t\t\t\t\t<\/div>\n\t\t\t<\/div>\n\t<div class=\"mkdf-custom-pagination-holder\">\n\t\t<div class=\"mkdf-custom-pagination-container owl-dots\">\n\t\t<\/div>\n\t\t<div class=\"mkdf-pagination-line-holder\">\n\t\t\t<span class=\"mkdf-pagination-line\"><\/span>\n\t\t<\/div>\n\t<\/div>\n<\/div>[\/vc_column][\/vc_row]<\/p>\n","protected":false},"excerpt":{"rendered":"<p>[vc_row row_content_width=&#8221;grid&#8221; disable_background_image=&#8221;&#8221; vertical_lines=&#8221;yes&#8221; css=&#8221;.vc_custom_1647001778759{padding-bottom: 72px !important;}&#8221;][vc_column][vc_single_image image=&#8221;3418&#8243; img_size=&#8221;full&#8221; alignment=&#8221;center&#8221;][\/vc_column][\/vc_row][vc_row disable_background_image=&#8221;&#8221; css=&#8221;.vc_custom_1571824618775{background-image: url(https:\/\/grandprix.qodeinteractive.com\/wp-content\/uploads\/2019\/09\/h1-bg-img-1.jpg?id=250) !important;background-position: center !important;background-repeat: no-repeat !important;background-size: cover !important;}&#8221;][vc_column css=&#8221;.vc_custom_1568208328522{padding-top: 130px !important;padding-bottom: 127px !important;}&#8221;][\/vc_column][\/vc_row][vc_row disable_background_image=&#8221;&#8221;][vc_column][\/vc_column][\/vc_row]<\/p>\n","protected":false},"author":1,"featured_media":0,"parent":0,"menu_order":0,"comment_status":"closed","ping_status":"closed","template":"","meta":{"footnotes":""},"class_list":["post-3367","page","type-page","status-publish","hentry"],"_links":{"self":[{"href":"https:\/\/equipement.tortueteam.com\/index.php\/wp-json\/wp\/v2\/pages\/3367","targetHints":{"allow":["GET"]}}],"collection":[{"href":"https:\/\/equipement.tortueteam.com\/index.php\/wp-json\/wp\/v2\/pages"}],"about":[{"href":"https:\/\/equipement.tortueteam.com\/index.php\/wp-json\/wp\/v2\/types\/page"}],"author":[{"embeddable":true,"href":"https:\/\/equipement.tortueteam.com\/index.php\/wp-json\/wp\/v2\/users\/1"}],"replies":[{"embeddable":true,"href":"https:\/\/equipement.tortueteam.com\/index.php\/wp-json\/wp\/v2\/comments?post=3367"}],"version-history":[{"count":5,"href":"https:\/\/equipement.tortueteam.com\/index.php\/wp-json\/wp\/v2\/pages\/3367\/revisions"}],"predecessor-version":[{"id":3529,"href":"https:\/\/equipement.tortueteam.com\/index.php\/wp-json\/wp\/v2\/pages\/3367\/revisions\/3529"}],"wp:attachment":[{"href":"https:\/\/equipement.tortueteam.com\/index.php\/wp-json\/wp\/v2\/media?parent=3367"}],"curies":[{"name":"wp","href":"https:\/\/api.w.org\/{rel}","templated":true}]}}