{"id":3357,"date":"2022-03-17T13:17:37","date_gmt":"2022-03-17T12:17:37","guid":{"rendered":"http:\/\/equipement.tortueteam.com\/?page_id=3357"},"modified":"2022-04-01T13:56:12","modified_gmt":"2022-04-01T11:56:12","slug":"yvon","status":"publish","type":"page","link":"https:\/\/equipement.tortueteam.com\/index.php\/yvon\/","title":{"rendered":"Yvon"},"content":{"rendered":"<p>[vc_row row_content_width=&#8221;grid&#8221; disable_background_image=&#8221;&#8221; vertical_lines=&#8221;yes&#8221; css=&#8221;.vc_custom_1647001778759{padding-bottom: 72px !important;}&#8221;][vc_column]<div class=\"mkdf-section-title-holder  mkdf-st-split  mkdf-has-appear-animation\" style=\"padding: 0 10%\">\n\t<div class=\"mkdf-st-inner\">\n\t\t\t<span class=\"mkdf-st-tagline\" >\n\t\t\tEncadrants stages circuit\t\t<\/span>\n\t\t\t\t\t\t<h2 class=\"mkdf-st-title\" >\n\t\t\t\t\t\t\t\t\t<span class=\"mkdf-sts-title-text\">Yvon<\/span>\n\t\t\t\t\t<span class=\"mkdf-sts-separator\" ><\/span>\n\t\t\t\t\t\t\t<\/h2>\n\t\t\t\t\t\t\t<\/div>\n<\/div>[vc_single_image image=&#8221;3389&#8243; img_size=&#8221;full&#8221; alignment=&#8221;center&#8221;][\/vc_column][\/vc_row][vc_row disable_background_image=&#8221;&#8221; css=&#8221;.vc_custom_1571824618775{background-image: url(https:\/\/grandprix.qodeinteractive.com\/wp-content\/uploads\/2019\/09\/h1-bg-img-1.jpg?id=250) !important;background-position: center !important;background-repeat: no-repeat !important;background-size: cover !important;}&#8221;][vc_column css=&#8221;.vc_custom_1568208328522{padding-top: 130px !important;padding-bottom: 127px !important;}&#8221;]<div class=\"mkdf-testimonials-holder clearfix mkdf-testimonials-standard mkdf-testimonials-light\">\n    <div class=\"mkdf-testimonials mkdf-owl-slider\" data-enable-loop=\"yes\" data-enable-autoplay=\"yes\" data-slider-speed=\"5000\" data-slider-speed-animation=\"600\" data-enable-navigation=\"yes\" data-enable-pagination=\"no\">\n\n    \n            <div class=\"mkdf-testimonial-content\" id=\"mkdf-testimonials-3359\">\n\t            \t\t            <div class=\"mkdf-testimonial-image\">\n\t\t\t            <img loading=\"lazy\" decoding=\"async\" width=\"80\" height=\"80\" src=\"https:\/\/equipement.tortueteam.com\/wp-content\/uploads\/2022\/03\/yvon3-100x100.png\" class=\"attachment-80x80 size-80x80 wp-post-image\" alt=\"\" srcset=\"https:\/\/equipement.tortueteam.com\/wp-content\/uploads\/2022\/03\/yvon3-100x100.png 100w, https:\/\/equipement.tortueteam.com\/wp-content\/uploads\/2022\/03\/yvon3-150x150.png 150w\" sizes=\"auto, (max-width: 80px) 100vw, 80px\" \/>\t\t            <\/div>\n\t                            <div class=\"mkdf-testimonial-text-holder\">\n                                            <h3 itemprop=\"name\" class=\"mkdf-testimonial-title entry-title\">Petit nouveau du TT<\/h3>\n                                                                <p class=\"mkdf-testimonial-text\">Yvon a obtenu un dipl\u00f4me d&#039;initiateur moto FFM. Il vient de rejoindre l&#039;\u00e9quipe d&#039;encadrants sur nos stages circuit. Policier dans la vie, il pourra, \u00e0 sa guise, vous flasher dans la ligne droite du Luc, mais uniquement pour votre plaisir \ud83d\ude09<\/p>\n                                                                <div class=\"mkdf-testimonial-author\">\n                            \t                            <span class=\"mkdf-testimonials-author-job\">encadrant stages circuit<\/span>\n                            \t                        <h5 class=\"mkdf-testimonials-author-name\">Yvon <\/h5>\n                        <\/div>\n                                    <\/div>\n            <\/div>\n\n    \n    <\/div>\n<\/div>[\/vc_column][\/vc_row][vc_row disable_background_image=&#8221;&#8221;][vc_column]<div class=\"mkdf-image-gallery  mkdf-ig-carousel-custom-type mkdf-three-columns mkdf-tiny-space mkdf-has-shadow mkdf-image-behavior-lightbox \">\n\t<div class=\"mkdf-ig-slider mkdf-owl-slider\" data-number-of-items=\"3\" data-slider-padding=\"yes\" data-stage-padding=\"predefined\" data-enable-navigation=\"no\" data-enable-pagination=\"yes\" data-enable-loop=\"yes\" data-enable-autoplay=\"yes\" data-slider-speed=\"5000\" data-slider-speed-animation=\"600\">\n\t\t\t\t\t<div class=\"mkdf-ig-image\">\n\t\t\t\t\t\t\t\t\t<a itemprop=\"image\" class=\"mkdf-ig-lightbox mkdf-block-drag-link\" href=\"https:\/\/equipement.tortueteam.com\/wp-content\/uploads\/2022\/04\/yvon13.png\" data-rel=\"prettyPhoto[image_gallery_pretty_photo-458]\" title=\"yvon13\">\n\t\t\t\t\t\t\t\t\t<img loading=\"lazy\" decoding=\"async\" width=\"960\" height=\"528\" src=\"https:\/\/equipement.tortueteam.com\/wp-content\/uploads\/2022\/04\/yvon13.png\" class=\"attachment-full size-full\" alt=\"\" srcset=\"https:\/\/equipement.tortueteam.com\/wp-content\/uploads\/2022\/04\/yvon13.png 960w, https:\/\/equipement.tortueteam.com\/wp-content\/uploads\/2022\/04\/yvon13-300x165.png 300w, https:\/\/equipement.tortueteam.com\/wp-content\/uploads\/2022\/04\/yvon13-768x422.png 768w, https:\/\/equipement.tortueteam.com\/wp-content\/uploads\/2022\/04\/yvon13-600x330.png 600w\" sizes=\"auto, (max-width: 960px) 100vw, 960px\" \/>\t\t\t\t\t\t\t\t\t<\/a>\n\t\t\t\t\t\t\t<\/div>\n\t\t\t\t\t<div class=\"mkdf-ig-image\">\n\t\t\t\t\t\t\t\t\t<a itemprop=\"image\" class=\"mkdf-ig-lightbox mkdf-block-drag-link\" href=\"https:\/\/equipement.tortueteam.com\/wp-content\/uploads\/2022\/04\/yvon12.png\" data-rel=\"prettyPhoto[image_gallery_pretty_photo-458]\" title=\"yvon12\">\n\t\t\t\t\t\t\t\t\t<img loading=\"lazy\" decoding=\"async\" width=\"960\" height=\"528\" src=\"https:\/\/equipement.tortueteam.com\/wp-content\/uploads\/2022\/04\/yvon12.png\" class=\"attachment-full size-full\" alt=\"\" srcset=\"https:\/\/equipement.tortueteam.com\/wp-content\/uploads\/2022\/04\/yvon12.png 960w, https:\/\/equipement.tortueteam.com\/wp-content\/uploads\/2022\/04\/yvon12-300x165.png 300w, https:\/\/equipement.tortueteam.com\/wp-content\/uploads\/2022\/04\/yvon12-768x422.png 768w, https:\/\/equipement.tortueteam.com\/wp-content\/uploads\/2022\/04\/yvon12-600x330.png 600w\" sizes=\"auto, (max-width: 960px) 100vw, 960px\" \/>\t\t\t\t\t\t\t\t\t<\/a>\n\t\t\t\t\t\t\t<\/div>\n\t\t\t\t\t<div class=\"mkdf-ig-image\">\n\t\t\t\t\t\t\t\t\t<a itemprop=\"image\" class=\"mkdf-ig-lightbox mkdf-block-drag-link\" href=\"https:\/\/equipement.tortueteam.com\/wp-content\/uploads\/2022\/04\/yvon11.png\" data-rel=\"prettyPhoto[image_gallery_pretty_photo-458]\" title=\"yvon11\">\n\t\t\t\t\t\t\t\t\t<img loading=\"lazy\" decoding=\"async\" width=\"960\" height=\"528\" src=\"https:\/\/equipement.tortueteam.com\/wp-content\/uploads\/2022\/04\/yvon11.png\" class=\"attachment-full size-full\" alt=\"\" srcset=\"https:\/\/equipement.tortueteam.com\/wp-content\/uploads\/2022\/04\/yvon11.png 960w, https:\/\/equipement.tortueteam.com\/wp-content\/uploads\/2022\/04\/yvon11-300x165.png 300w, https:\/\/equipement.tortueteam.com\/wp-content\/uploads\/2022\/04\/yvon11-768x422.png 768w, https:\/\/equipement.tortueteam.com\/wp-content\/uploads\/2022\/04\/yvon11-600x330.png 600w\" sizes=\"auto, (max-width: 960px) 100vw, 960px\" \/>\t\t\t\t\t\t\t\t\t<\/a>\n\t\t\t\t\t\t\t<\/div>\n\t\t\t<\/div>\n\t<div class=\"mkdf-custom-pagination-holder\">\n\t\t<div class=\"mkdf-custom-pagination-container owl-dots\">\n\t\t<\/div>\n\t\t<div class=\"mkdf-pagination-line-holder\">\n\t\t\t<span class=\"mkdf-pagination-line\"><\/span>\n\t\t<\/div>\n\t<\/div>\n<\/div>[\/vc_column][\/vc_row]<\/p>\n","protected":false},"excerpt":{"rendered":"<p>[vc_row row_content_width=&#8221;grid&#8221; disable_background_image=&#8221;&#8221; vertical_lines=&#8221;yes&#8221; css=&#8221;.vc_custom_1647001778759{padding-bottom: 72px !important;}&#8221;][vc_column][vc_single_image image=&#8221;3389&#8243; img_size=&#8221;full&#8221; alignment=&#8221;center&#8221;][\/vc_column][\/vc_row][vc_row disable_background_image=&#8221;&#8221; css=&#8221;.vc_custom_1571824618775{background-image: url(https:\/\/grandprix.qodeinteractive.com\/wp-content\/uploads\/2019\/09\/h1-bg-img-1.jpg?id=250) !important;background-position: center !important;background-repeat: no-repeat !important;background-size: cover !important;}&#8221;][vc_column css=&#8221;.vc_custom_1568208328522{padding-top: 130px !important;padding-bottom: 127px !important;}&#8221;][\/vc_column][\/vc_row][vc_row disable_background_image=&#8221;&#8221;][vc_column][\/vc_column][\/vc_row]<\/p>\n","protected":false},"author":1,"featured_media":0,"parent":0,"menu_order":0,"comment_status":"closed","ping_status":"closed","template":"","meta":{"footnotes":""},"class_list":["post-3357","page","type-page","status-publish","hentry"],"_links":{"self":[{"href":"https:\/\/equipement.tortueteam.com\/index.php\/wp-json\/wp\/v2\/pages\/3357","targetHints":{"allow":["GET"]}}],"collection":[{"href":"https:\/\/equipement.tortueteam.com\/index.php\/wp-json\/wp\/v2\/pages"}],"about":[{"href":"https:\/\/equipement.tortueteam.com\/index.php\/wp-json\/wp\/v2\/types\/page"}],"author":[{"embeddable":true,"href":"https:\/\/equipement.tortueteam.com\/index.php\/wp-json\/wp\/v2\/users\/1"}],"replies":[{"embeddable":true,"href":"https:\/\/equipement.tortueteam.com\/index.php\/wp-json\/wp\/v2\/comments?post=3357"}],"version-history":[{"count":9,"href":"https:\/\/equipement.tortueteam.com\/index.php\/wp-json\/wp\/v2\/pages\/3357\/revisions"}],"predecessor-version":[{"id":3535,"href":"https:\/\/equipement.tortueteam.com\/index.php\/wp-json\/wp\/v2\/pages\/3357\/revisions\/3535"}],"wp:attachment":[{"href":"https:\/\/equipement.tortueteam.com\/index.php\/wp-json\/wp\/v2\/media?parent=3357"}],"curies":[{"name":"wp","href":"https:\/\/api.w.org\/{rel}","templated":true}]}}