{"id":3267,"date":"2022-03-12T07:52:08","date_gmt":"2022-03-12T06:52:08","guid":{"rendered":"http:\/\/equipement.tortueteam.com\/?page_id=3267"},"modified":"2022-03-17T12:50:05","modified_gmt":"2022-03-17T11:50:05","slug":"patrice","status":"publish","type":"page","link":"https:\/\/equipement.tortueteam.com\/index.php\/patrice\/","title":{"rendered":"Patrice"},"content":{"rendered":"<p>[vc_row row_content_width=&#8221;grid&#8221; disable_background_image=&#8221;&#8221; vertical_lines=&#8221;yes&#8221; css=&#8221;.vc_custom_1647001778759{padding-bottom: 72px !important;}&#8221;][vc_column]<div class=\"mkdf-section-title-holder  mkdf-st-split  mkdf-has-appear-animation\" style=\"padding: 0 10%\">\n\t<div class=\"mkdf-st-inner\">\n\t\t\t<span class=\"mkdf-st-tagline\" >\n\t\t\tPARTENAIRE PNEUMATIQUE\t\t<\/span>\n\t\t\t\t\t\t<h2 class=\"mkdf-st-title\" >\n\t\t\t\t\t\t\t\t\t<span class=\"mkdf-sts-title-text\">Patrice<\/span>\n\t\t\t\t\t<span class=\"mkdf-sts-separator\" ><\/span>\n\t\t\t\t\t\t\t<\/h2>\n\t\t\t\t\t\t\t<\/div>\n<\/div>[vc_single_image image=&#8221;3050&#8243; img_size=&#8221;full&#8221; alignment=&#8221;center&#8221;][vc_column_text]<\/p>\n<p style=\"text-align: center;\"><span style=\"color: #000000;\"><strong>PSEUDO :<\/strong> <\/span>PATWICE<br \/>\n<span style=\"color: #000000;\"><strong>MOTO :<\/strong> <\/span>ZX10R WSBK STOCK 1000<\/p>\n<div dir=\"auto\" style=\"text-align: center;\">AMS Patrice EZELIS loue des motos de piste<\/div>\n<div dir=\"auto\" style=\"text-align: center;\">Pour tout renseignement, s&#8217;adresser au\u00a0<span style=\"color: #000000;\"><strong>06 65 52 69 19<\/strong><\/span><\/div>\n<p>[\/vc_column_text][\/vc_column][\/vc_row][vc_row disable_background_image=&#8221;&#8221; css=&#8221;.vc_custom_1571824618775{background-image: url(https:\/\/grandprix.qodeinteractive.com\/wp-content\/uploads\/2019\/09\/h1-bg-img-1.jpg?id=250) !important;background-position: center !important;background-repeat: no-repeat !important;background-size: cover !important;}&#8221;][vc_column css=&#8221;.vc_custom_1568208328522{padding-top: 130px !important;padding-bottom: 127px !important;}&#8221;]<div class=\"mkdf-testimonials-holder clearfix mkdf-testimonials-standard mkdf-testimonials-light\">\n    <div class=\"mkdf-testimonials mkdf-owl-slider\" data-enable-loop=\"yes\" data-enable-autoplay=\"yes\" data-slider-speed=\"5000\" data-slider-speed-animation=\"600\" data-enable-navigation=\"yes\" data-enable-pagination=\"no\">\n\n    \n            <div class=\"mkdf-testimonial-content\" id=\"mkdf-testimonials-3268\">\n\t            \t\t            <div class=\"mkdf-testimonial-image\">\n\t\t\t            <img loading=\"lazy\" decoding=\"async\" width=\"80\" height=\"80\" src=\"https:\/\/equipement.tortueteam.com\/wp-content\/uploads\/2022\/03\/patrice-100x100.png\" class=\"attachment-80x80 size-80x80 wp-post-image\" alt=\"\" srcset=\"https:\/\/equipement.tortueteam.com\/wp-content\/uploads\/2022\/03\/patrice-100x100.png 100w, https:\/\/equipement.tortueteam.com\/wp-content\/uploads\/2022\/03\/patrice-150x150.png 150w\" sizes=\"auto, (max-width: 80px) 100vw, 80px\" \/>\t\t            <\/div>\n\t                            <div class=\"mkdf-testimonial-text-holder\">\n                                            <h3 itemprop=\"name\" class=\"mkdf-testimonial-title entry-title\">Toujours disponible et souriant il nous am\u00e8ne la p\u00eache et la zenitude des iles. <\/h3>\n                                                                <p class=\"mkdf-testimonial-text\">Patwice est pr\u00e9sent \u00e0 toutes les journ\u00e9es et s\u2019occupe des chaussures de votre belle. Tr\u00e8s professionnel, n\u2019h\u00e9sitez pas \u00e0 passer le voir pour une location de moto de piste ou pour de simples conseils ou encore pour changer vos pneus. <\/p>\n                                                                <div class=\"mkdf-testimonial-author\">\n                            \t                            <span class=\"mkdf-testimonials-author-job\">PARTENAIRE PNEUMATIQUE<\/span>\n                            \t                        <h5 class=\"mkdf-testimonials-author-name\">PATRICE<\/h5>\n                        <\/div>\n                                    <\/div>\n            <\/div>\n\n    \n    <\/div>\n<\/div>[\/vc_column][\/vc_row][vc_row disable_background_image=&#8221;&#8221;][vc_column]<div class=\"mkdf-image-gallery  mkdf-ig-carousel-custom-type mkdf-three-columns mkdf-tiny-space mkdf-has-shadow mkdf-image-behavior-lightbox \">\n\t<div class=\"mkdf-ig-slider mkdf-owl-slider\" data-number-of-items=\"3\" data-slider-padding=\"yes\" data-stage-padding=\"predefined\" data-enable-navigation=\"no\" data-enable-pagination=\"yes\" data-enable-loop=\"yes\" data-enable-autoplay=\"yes\" data-slider-speed=\"5000\" data-slider-speed-animation=\"600\">\n\t\t\t\t\t<div class=\"mkdf-ig-image\">\n\t\t\t\t\t\t\t\t\t<a itemprop=\"image\" class=\"mkdf-ig-lightbox mkdf-block-drag-link\" href=\"https:\/\/equipement.tortueteam.com\/wp-content\/uploads\/2022\/03\/patrice1.jpg\" data-rel=\"prettyPhoto[image_gallery_pretty_photo-917]\" title=\"patrice1\">\n\t\t\t\t\t\t\t\t\t<img loading=\"lazy\" decoding=\"async\" width=\"960\" height=\"528\" src=\"https:\/\/equipement.tortueteam.com\/wp-content\/uploads\/2022\/03\/patrice1.jpg\" class=\"attachment-large size-large\" alt=\"\" srcset=\"https:\/\/equipement.tortueteam.com\/wp-content\/uploads\/2022\/03\/patrice1.jpg 960w, https:\/\/equipement.tortueteam.com\/wp-content\/uploads\/2022\/03\/patrice1-300x165.jpg 300w, https:\/\/equipement.tortueteam.com\/wp-content\/uploads\/2022\/03\/patrice1-768x422.jpg 768w, https:\/\/equipement.tortueteam.com\/wp-content\/uploads\/2022\/03\/patrice1-600x330.jpg 600w\" sizes=\"auto, (max-width: 960px) 100vw, 960px\" \/>\t\t\t\t\t\t\t\t\t<\/a>\n\t\t\t\t\t\t\t<\/div>\n\t\t\t\t\t<div class=\"mkdf-ig-image\">\n\t\t\t\t\t\t\t\t\t<a itemprop=\"image\" class=\"mkdf-ig-lightbox mkdf-block-drag-link\" href=\"https:\/\/equipement.tortueteam.com\/wp-content\/uploads\/2022\/03\/patrice2.jpg\" data-rel=\"prettyPhoto[image_gallery_pretty_photo-917]\" title=\"patrice2\">\n\t\t\t\t\t\t\t\t\t<img loading=\"lazy\" decoding=\"async\" width=\"960\" height=\"528\" src=\"https:\/\/equipement.tortueteam.com\/wp-content\/uploads\/2022\/03\/patrice2.jpg\" class=\"attachment-large size-large\" alt=\"\" srcset=\"https:\/\/equipement.tortueteam.com\/wp-content\/uploads\/2022\/03\/patrice2.jpg 960w, https:\/\/equipement.tortueteam.com\/wp-content\/uploads\/2022\/03\/patrice2-300x165.jpg 300w, https:\/\/equipement.tortueteam.com\/wp-content\/uploads\/2022\/03\/patrice2-768x422.jpg 768w, https:\/\/equipement.tortueteam.com\/wp-content\/uploads\/2022\/03\/patrice2-600x330.jpg 600w\" sizes=\"auto, (max-width: 960px) 100vw, 960px\" \/>\t\t\t\t\t\t\t\t\t<\/a>\n\t\t\t\t\t\t\t<\/div>\n\t\t\t\t\t<div class=\"mkdf-ig-image\">\n\t\t\t\t\t\t\t\t\t<a itemprop=\"image\" class=\"mkdf-ig-lightbox mkdf-block-drag-link\" href=\"https:\/\/equipement.tortueteam.com\/wp-content\/uploads\/2022\/03\/patrice3.jpg\" data-rel=\"prettyPhoto[image_gallery_pretty_photo-917]\" title=\"patrice3\">\n\t\t\t\t\t\t\t\t\t<img loading=\"lazy\" decoding=\"async\" width=\"960\" height=\"528\" src=\"https:\/\/equipement.tortueteam.com\/wp-content\/uploads\/2022\/03\/patrice3.jpg\" class=\"attachment-large size-large\" alt=\"\" srcset=\"https:\/\/equipement.tortueteam.com\/wp-content\/uploads\/2022\/03\/patrice3.jpg 960w, https:\/\/equipement.tortueteam.com\/wp-content\/uploads\/2022\/03\/patrice3-300x165.jpg 300w, https:\/\/equipement.tortueteam.com\/wp-content\/uploads\/2022\/03\/patrice3-768x422.jpg 768w, https:\/\/equipement.tortueteam.com\/wp-content\/uploads\/2022\/03\/patrice3-600x330.jpg 600w\" sizes=\"auto, (max-width: 960px) 100vw, 960px\" \/>\t\t\t\t\t\t\t\t\t<\/a>\n\t\t\t\t\t\t\t<\/div>\n\t\t\t<\/div>\n\t<div class=\"mkdf-custom-pagination-holder\">\n\t\t<div class=\"mkdf-custom-pagination-container owl-dots\">\n\t\t<\/div>\n\t\t<div class=\"mkdf-pagination-line-holder\">\n\t\t\t<span class=\"mkdf-pagination-line\"><\/span>\n\t\t<\/div>\n\t<\/div>\n<\/div>[\/vc_column][\/vc_row]<\/p>\n","protected":false},"excerpt":{"rendered":"<p>[vc_row row_content_width=&#8221;grid&#8221; disable_background_image=&#8221;&#8221; vertical_lines=&#8221;yes&#8221; css=&#8221;.vc_custom_1647001778759{padding-bottom: 72px !important;}&#8221;][vc_column][vc_single_image image=&#8221;3050&#8243; img_size=&#8221;full&#8221; alignment=&#8221;center&#8221;][vc_column_text] PSEUDO : PATWICE MOTO : ZX10R WSBK STOCK 1000 AMS Patrice EZELIS loue des motos de piste Pour tout renseignement, s&#8217;adresser au\u00a006 65 52 69 19 [\/vc_column_text][\/vc_column][\/vc_row][vc_row disable_background_image=&#8221;&#8221; css=&#8221;.vc_custom_1571824618775{background-image: url(https:\/\/grandprix.qodeinteractive.com\/wp-content\/uploads\/2019\/09\/h1-bg-img-1.jpg?id=250) !important;background-position: center !important;background-repeat: no-repeat !important;background-size: cover !important;}&#8221;][vc_column css=&#8221;.vc_custom_1568208328522{padding-top: 130px !important;padding-bottom: 127px [&hellip;]<\/p>\n","protected":false},"author":1,"featured_media":0,"parent":0,"menu_order":0,"comment_status":"closed","ping_status":"closed","template":"","meta":{"footnotes":""},"class_list":["post-3267","page","type-page","status-publish","hentry"],"_links":{"self":[{"href":"https:\/\/equipement.tortueteam.com\/index.php\/wp-json\/wp\/v2\/pages\/3267","targetHints":{"allow":["GET"]}}],"collection":[{"href":"https:\/\/equipement.tortueteam.com\/index.php\/wp-json\/wp\/v2\/pages"}],"about":[{"href":"https:\/\/equipement.tortueteam.com\/index.php\/wp-json\/wp\/v2\/types\/page"}],"author":[{"embeddable":true,"href":"https:\/\/equipement.tortueteam.com\/index.php\/wp-json\/wp\/v2\/users\/1"}],"replies":[{"embeddable":true,"href":"https:\/\/equipement.tortueteam.com\/index.php\/wp-json\/wp\/v2\/comments?post=3267"}],"version-history":[{"count":3,"href":"https:\/\/equipement.tortueteam.com\/index.php\/wp-json\/wp\/v2\/pages\/3267\/revisions"}],"predecessor-version":[{"id":3351,"href":"https:\/\/equipement.tortueteam.com\/index.php\/wp-json\/wp\/v2\/pages\/3267\/revisions\/3351"}],"wp:attachment":[{"href":"https:\/\/equipement.tortueteam.com\/index.php\/wp-json\/wp\/v2\/media?parent=3267"}],"curies":[{"name":"wp","href":"https:\/\/api.w.org\/{rel}","templated":true}]}}